{"id":2277,"date":"2020-02-01T20:48:32","date_gmt":"2020-02-01T19:48:32","guid":{"rendered":"http:\/\/atelier-bonnier.com\/?page_id=2277"},"modified":"2026-04-18T16:56:55","modified_gmt":"2026-04-18T14:56:55","slug":"cours","status":"publish","type":"page","link":"https:\/\/atelier-bonnier.com\/index.php\/cours\/","title":{"rendered":"Cours"},"content":{"rendered":"\n<h1 class=\"wp-block-heading has-text-align-center has-text-color\" style=\"color:#3c8eac\"><strong>Cours \u00e0 l&rsquo;atelier<\/strong><\/h1>\n\n\n\n<div class=\"wp-block-buttons is-layout-flex wp-block-buttons-is-layout-flex\">\n<div class=\"wp-block-button aligncenter\"><a class=\"wp-block-button__link has-vivid-cyan-blue-background-color has-background wp-element-button\" href=\"http:\/\/atelier-bonnier.com\/wp-content\/uploads\/2025\/05\/Bulletin-dinscription-atelier-2025-2026.pdf\">T\u00e9l\u00e9charger le bulletin d&rsquo;inscription 2025 &#8211; 2026<\/a><\/div>\n<\/div>\n\n\n\n<ul class=\"wp-block-social-links is-layout-flex wp-block-social-links-is-layout-flex\"><li class=\"wp-social-link wp-social-link-facebook  wp-block-social-link\"><a href=\"https:\/\/www.facebook.com\/atelierbonnier\/\" class=\"wp-block-social-link-anchor\"><svg width=\"24\" height=\"24\" viewBox=\"0 0 24 24\" version=\"1.1\" xmlns=\"http:\/\/www.w3.org\/2000\/svg\" aria-hidden=\"true\" focusable=\"false\"><path d=\"M12 2C6.5 2 2 6.5 2 12c0 5 3.7 9.1 8.4 9.9v-7H7.9V12h2.5V9.8c0-2.5 1.5-3.9 3.8-3.9 1.1 0 2.2.2 2.2.2v2.5h-1.3c-1.2 0-1.6.8-1.6 1.6V12h2.8l-.4 2.9h-2.3v7C18.3 21.1 22 17 22 12c0-5.5-4.5-10-10-10z\"><\/path><\/svg><span class=\"wp-block-social-link-label screen-reader-text\">Facebook<\/span><\/a><\/li>\n\n<li class=\"wp-social-link wp-social-link-instagram  wp-block-social-link\"><a href=\"https:\/\/instagram.com\/veronique.bonnier\/\" class=\"wp-block-social-link-anchor\"><svg width=\"24\" height=\"24\" viewBox=\"0 0 24 24\" version=\"1.1\" xmlns=\"http:\/\/www.w3.org\/2000\/svg\" aria-hidden=\"true\" focusable=\"false\"><path d=\"M12,4.622c2.403,0,2.688,0.009,3.637,0.052c0.877,0.04,1.354,0.187,1.671,0.31c0.42,0.163,0.72,0.358,1.035,0.673 c0.315,0.315,0.51,0.615,0.673,1.035c0.123,0.317,0.27,0.794,0.31,1.671c0.043,0.949,0.052,1.234,0.052,3.637 s-0.009,2.688-0.052,3.637c-0.04,0.877-0.187,1.354-0.31,1.671c-0.163,0.42-0.358,0.72-0.673,1.035 c-0.315,0.315-0.615,0.51-1.035,0.673c-0.317,0.123-0.794,0.27-1.671,0.31c-0.949,0.043-1.233,0.052-3.637,0.052 s-2.688-0.009-3.637-0.052c-0.877-0.04-1.354-0.187-1.671-0.31c-0.42-0.163-0.72-0.358-1.035-0.673 c-0.315-0.315-0.51-0.615-0.673-1.035c-0.123-0.317-0.27-0.794-0.31-1.671C4.631,14.688,4.622,14.403,4.622,12 s0.009-2.688,0.052-3.637c0.04-0.877,0.187-1.354,0.31-1.671c0.163-0.42,0.358-0.72,0.673-1.035 c0.315-0.315,0.615-0.51,1.035-0.673c0.317-0.123,0.794-0.27,1.671-0.31C9.312,4.631,9.597,4.622,12,4.622 M12,3 C9.556,3,9.249,3.01,8.289,3.054C7.331,3.098,6.677,3.25,6.105,3.472C5.513,3.702,5.011,4.01,4.511,4.511 c-0.5,0.5-0.808,1.002-1.038,1.594C3.25,6.677,3.098,7.331,3.054,8.289C3.01,9.249,3,9.556,3,12c0,2.444,0.01,2.751,0.054,3.711 c0.044,0.958,0.196,1.612,0.418,2.185c0.23,0.592,0.538,1.094,1.038,1.594c0.5,0.5,1.002,0.808,1.594,1.038 c0.572,0.222,1.227,0.375,2.185,0.418C9.249,20.99,9.556,21,12,21s2.751-0.01,3.711-0.054c0.958-0.044,1.612-0.196,2.185-0.418 c0.592-0.23,1.094-0.538,1.594-1.038c0.5-0.5,0.808-1.002,1.038-1.594c0.222-0.572,0.375-1.227,0.418-2.185 C20.99,14.751,21,14.444,21,12s-0.01-2.751-0.054-3.711c-0.044-0.958-0.196-1.612-0.418-2.185c-0.23-0.592-0.538-1.094-1.038-1.594 c-0.5-0.5-1.002-0.808-1.594-1.038c-0.572-0.222-1.227-0.375-2.185-0.418C14.751,3.01,14.444,3,12,3L12,3z M12,7.378 c-2.552,0-4.622,2.069-4.622,4.622S9.448,16.622,12,16.622s4.622-2.069,4.622-4.622S14.552,7.378,12,7.378z M12,15 c-1.657,0-3-1.343-3-3s1.343-3,3-3s3,1.343,3,3S13.657,15,12,15z M16.804,6.116c-0.596,0-1.08,0.484-1.08,1.08 s0.484,1.08,1.08,1.08c0.596,0,1.08-0.484,1.08-1.08S17.401,6.116,16.804,6.116z\"><\/path><\/svg><span class=\"wp-block-social-link-label screen-reader-text\">Instagram<\/span><\/a><\/li><\/ul>\n\n\n<div class=\"wp-block-image is-resized\">\n<figure class=\"aligncenter size-full\"><img decoding=\"async\" width=\"200\" height=\"75\" src=\"http:\/\/atelier-bonnier.com\/wp-content\/uploads\/2024\/02\/dc_f1.jpg\" alt=\"\" class=\"wp-image-3621\" style=\"width:152px;height:auto\"\/><figcaption class=\"wp-element-caption\"><a href=\"https:\/\/bonnier.dictionnairedesartistescotes.com\/\" target=\"_blank\" rel=\"noreferrer noopener\">https:\/\/bonnier.dictionnairedesartistescotes.com\/<\/a><\/figcaption><\/figure>\n<\/div>\n\n\n<p class=\"has-text-align-center\">***<\/p>\n\n\n\n<p style=\"font-size:18px\">Mon atelier est ouvert aux personnes qui souhaitent se perfectionner dans les techniques d&rsquo;arts graphiques telles que le dessin, l&rsquo;aquarelle, la peinture \u00e0 l&rsquo;huile et l&rsquo;acrylique.<\/p>\n\n\n\n<p style=\"font-size:18px\">Les cours sont collectifs, ouverts aux adultes et adolescents, par groupe de 6 \u00e0 8 personnes et durent <strong>1h30<\/strong>. Ils ont lieu en journ\u00e9e et en soir\u00e9e le <strong>mercredi<\/strong> et le <strong>jeudi<\/strong>. Si vous souhaitez vous inscrire et d\u00e9finir votre jour et horaire de cours en fonction de votre choix de technique, de votre niveau et de vos disponibilit\u00e9s, vous pouvez me joindre par t\u00e9l\u00e9phone ou mail. Des bulletins d&rsquo;inscription sont disponibles en t\u00e9l\u00e9chargement <a href=\"http:\/\/atelier-bonnier.com\/wp-content\/uploads\/2023\/06\/Bulletin-dinscription-atelier-2023-2024.pdf\"><mark style=\"background-color:rgba(0, 0, 0, 0)\" class=\"has-inline-color has-vivid-cyan-blue-color\"> <strong>ICI<\/strong><\/mark>  <\/a>ou dans les magasins d&rsquo;art de Voglans.<\/p>\n\n\n\n<figure class=\"wp-block-gallery aligncenter has-nested-images columns-2 is-cropped wp-block-gallery-1 is-layout-flex wp-block-gallery-is-layout-flex\">\n<figure class=\"wp-block-image size-full\"><img fetchpriority=\"high\" decoding=\"async\" width=\"842\" height=\"645\" data-id=\"4032\" src=\"https:\/\/atelier-bonnier.com\/wp-content\/uploads\/2025\/10\/Photo-enseigne-devant-maison-le-matin.jpg\" alt=\"\" class=\"wp-image-4032\" srcset=\"https:\/\/atelier-bonnier.com\/wp-content\/uploads\/2025\/10\/Photo-enseigne-devant-maison-le-matin.jpg 842w, https:\/\/atelier-bonnier.com\/wp-content\/uploads\/2025\/10\/Photo-enseigne-devant-maison-le-matin-300x230.jpg 300w, https:\/\/atelier-bonnier.com\/wp-content\/uploads\/2025\/10\/Photo-enseigne-devant-maison-le-matin-768x588.jpg 768w\" sizes=\"(max-width: 767px) 89vw, (max-width: 1000px) 54vw, (max-width: 1071px) 543px, 580px\" \/><\/figure>\n\n\n\n<figure class=\"wp-block-image size-large\"><img decoding=\"async\" width=\"1024\" height=\"681\" data-id=\"3339\" src=\"https:\/\/atelier-bonnier.com\/wp-content\/uploads\/2023\/05\/DSC0001-1024x681.jpg\" alt=\"\" class=\"wp-image-3339\" srcset=\"https:\/\/atelier-bonnier.com\/wp-content\/uploads\/2023\/05\/DSC0001-1024x681.jpg 1024w, https:\/\/atelier-bonnier.com\/wp-content\/uploads\/2023\/05\/DSC0001-300x199.jpg 300w, https:\/\/atelier-bonnier.com\/wp-content\/uploads\/2023\/05\/DSC0001-768x511.jpg 768w, https:\/\/atelier-bonnier.com\/wp-content\/uploads\/2023\/05\/DSC0001.jpg 1504w\" sizes=\"(max-width: 767px) 89vw, (max-width: 1000px) 54vw, (max-width: 1071px) 543px, 580px\" \/><\/figure>\n<\/figure>\n\n\n\n<p class=\"has-text-align-center\"><strong>Expositions des \u00e9l\u00e8ves<\/strong> <strong>de l&rsquo;atelier<\/strong><\/p>\n\n\n\n<p style=\"font-size:18px\">Tous les trois ans, j&rsquo;organise une exposition des \u00e9l\u00e8ves de l&rsquo;atelier \u00e0 la chapelle Vaugelas, au centre ville de Chamb\u00e9ry. La toute derni\u00e8re a eu lieu en mai-juin 2023 (voir ci-dessous). C&rsquo;est un moment important pour les \u00e9l\u00e8ves qui peuvent montrer leur travail au public et se rencontrer tous. <\/p>\n\n\n<div class=\"wp-block-image is-resized\">\n<figure class=\"aligncenter size-full\"><img decoding=\"async\" src=\"http:\/\/atelier-bonnier.com\/wp-content\/uploads\/2023\/04\/Affiche-expo-eleves-atelier-BD.jpg\" alt=\"\" class=\"wp-image-3329\"\/><\/figure>\n<\/div>\n\n\n<figure class=\"wp-block-gallery has-nested-images columns-default is-cropped wp-block-gallery-2 is-layout-flex wp-block-gallery-is-layout-flex\">\n<figure class=\"wp-block-image size-large\"><img loading=\"lazy\" decoding=\"async\" width=\"979\" height=\"490\" data-id=\"3361\" src=\"http:\/\/atelier-bonnier.com\/wp-content\/uploads\/2023\/06\/IMG_20230531_191644.jpg\" alt=\"\" class=\"wp-image-3361\" srcset=\"https:\/\/atelier-bonnier.com\/wp-content\/uploads\/2023\/06\/IMG_20230531_191644.jpg 979w, https:\/\/atelier-bonnier.com\/wp-content\/uploads\/2023\/06\/IMG_20230531_191644-300x150.jpg 300w, https:\/\/atelier-bonnier.com\/wp-content\/uploads\/2023\/06\/IMG_20230531_191644-768x384.jpg 768w\" sizes=\"(max-width: 767px) 89vw, (max-width: 1000px) 54vw, (max-width: 1071px) 543px, 580px\" \/><\/figure>\n\n\n\n<figure class=\"wp-block-image size-large\"><img loading=\"lazy\" decoding=\"async\" width=\"979\" height=\"490\" data-id=\"3362\" src=\"http:\/\/atelier-bonnier.com\/wp-content\/uploads\/2023\/06\/IMG_20230530_091440.jpg\" alt=\"\" class=\"wp-image-3362\" srcset=\"https:\/\/atelier-bonnier.com\/wp-content\/uploads\/2023\/06\/IMG_20230530_091440.jpg 979w, https:\/\/atelier-bonnier.com\/wp-content\/uploads\/2023\/06\/IMG_20230530_091440-300x150.jpg 300w, https:\/\/atelier-bonnier.com\/wp-content\/uploads\/2023\/06\/IMG_20230530_091440-768x384.jpg 768w\" sizes=\"(max-width: 767px) 89vw, (max-width: 1000px) 54vw, (max-width: 1071px) 543px, 580px\" \/><\/figure>\n\n\n\n<figure class=\"wp-block-image size-large\"><img loading=\"lazy\" decoding=\"async\" width=\"979\" height=\"490\" data-id=\"3360\" src=\"http:\/\/atelier-bonnier.com\/wp-content\/uploads\/2023\/06\/IMG_20230531_191937.jpg\" alt=\"\" class=\"wp-image-3360\" srcset=\"https:\/\/atelier-bonnier.com\/wp-content\/uploads\/2023\/06\/IMG_20230531_191937.jpg 979w, https:\/\/atelier-bonnier.com\/wp-content\/uploads\/2023\/06\/IMG_20230531_191937-300x150.jpg 300w, https:\/\/atelier-bonnier.com\/wp-content\/uploads\/2023\/06\/IMG_20230531_191937-768x384.jpg 768w\" sizes=\"(max-width: 767px) 89vw, (max-width: 1000px) 54vw, (max-width: 1071px) 543px, 580px\" \/><\/figure>\n\n\n\n<figure class=\"wp-block-image size-large\"><img loading=\"lazy\" decoding=\"async\" width=\"979\" height=\"490\" data-id=\"3359\" src=\"http:\/\/atelier-bonnier.com\/wp-content\/uploads\/2023\/06\/IMG_20230530_091431.jpg\" alt=\"\" class=\"wp-image-3359\" srcset=\"https:\/\/atelier-bonnier.com\/wp-content\/uploads\/2023\/06\/IMG_20230530_091431.jpg 979w, https:\/\/atelier-bonnier.com\/wp-content\/uploads\/2023\/06\/IMG_20230530_091431-300x150.jpg 300w, https:\/\/atelier-bonnier.com\/wp-content\/uploads\/2023\/06\/IMG_20230530_091431-768x384.jpg 768w\" sizes=\"(max-width: 767px) 89vw, (max-width: 1000px) 54vw, (max-width: 1071px) 543px, 580px\" \/><\/figure>\n<figcaption class=\"blocks-gallery-caption wp-element-caption\">Quelques vues de l&rsquo;accrochage et du vernissage \u00e0 la chapelle Vaugelas le 31 mai 2023<\/figcaption><\/figure>\n\n\n\n<p><\/p>\n","protected":false},"excerpt":{"rendered":"<p>Cours \u00e0 l&rsquo;atelier *** Mon atelier est ouvert aux personnes qui souhaitent se perfectionner dans les techniques d&rsquo;arts graphiques telles que le dessin, l&rsquo;aquarelle, la peinture \u00e0 l&rsquo;huile et l&rsquo;acrylique. Les cours sont collectifs, ouverts aux adultes et adolescents, par groupe de 6 \u00e0 8 personnes et durent 1h30. Ils ont lieu en journ\u00e9e et &hellip; <\/p>\n<p class=\"link-more\"><a href=\"https:\/\/atelier-bonnier.com\/index.php\/cours\/\" class=\"more-link\">Continuer la lecture<span class=\"screen-reader-text\"> de &laquo;&nbsp;Cours&nbsp;&raquo;<\/span><\/a><\/p>\n","protected":false},"author":1,"featured_media":0,"parent":0,"menu_order":0,"comment_status":"closed","ping_status":"closed","template":"","meta":{"footnotes":""},"class_list":["post-2277","page","type-page","status-publish","hentry"],"_links":{"self":[{"href":"https:\/\/atelier-bonnier.com\/index.php\/wp-json\/wp\/v2\/pages\/2277","targetHints":{"allow":["GET"]}}],"collection":[{"href":"https:\/\/atelier-bonnier.com\/index.php\/wp-json\/wp\/v2\/pages"}],"about":[{"href":"https:\/\/atelier-bonnier.com\/index.php\/wp-json\/wp\/v2\/types\/page"}],"author":[{"embeddable":true,"href":"https:\/\/atelier-bonnier.com\/index.php\/wp-json\/wp\/v2\/users\/1"}],"replies":[{"embeddable":true,"href":"https:\/\/atelier-bonnier.com\/index.php\/wp-json\/wp\/v2\/comments?post=2277"}],"version-history":[{"count":43,"href":"https:\/\/atelier-bonnier.com\/index.php\/wp-json\/wp\/v2\/pages\/2277\/revisions"}],"predecessor-version":[{"id":4108,"href":"https:\/\/atelier-bonnier.com\/index.php\/wp-json\/wp\/v2\/pages\/2277\/revisions\/4108"}],"wp:attachment":[{"href":"https:\/\/atelier-bonnier.com\/index.php\/wp-json\/wp\/v2\/media?parent=2277"}],"curies":[{"name":"wp","href":"https:\/\/api.w.org\/{rel}","templated":true}]}}