{"id":2272,"date":"2020-02-01T19:52:58","date_gmt":"2020-02-01T18:52:58","guid":{"rendered":"http:\/\/atelier-bonnier.com\/?page_id=2272"},"modified":"2025-11-02T07:44:25","modified_gmt":"2025-11-02T06:44:25","slug":"mon-parcours","status":"publish","type":"page","link":"https:\/\/atelier-bonnier.com\/index.php\/mon-parcours\/","title":{"rendered":"Parcours &#038; d\u00e9marche"},"content":{"rendered":"\n<h2 class=\"wp-block-heading has-text-align-center\"><strong>Mon parcours, mon travail<\/strong><\/h2>\n\n\n\n<blockquote class=\"wp-block-quote has-text-align-right is-layout-flow wp-block-quote-is-layout-flow\">\n<p><em>\u00ab&nbsp;Nous portons deux ou trois chants que notre vie se passe \u00e0 exprimer.&nbsp;\u00bb<\/em><\/p>\n<cite>Marcel Achard<\/cite><\/blockquote>\n\n\n\n<figure class=\"wp-block-gallery has-nested-images columns-default is-cropped aligncenter wp-block-gallery-1 is-layout-flex wp-block-gallery-is-layout-flex\">\n<figure class=\"wp-block-image size-full\"><img fetchpriority=\"high\" decoding=\"async\" width=\"791\" height=\"588\" data-id=\"4076\" src=\"http:\/\/atelier-bonnier.com\/wp-content\/uploads\/2025\/10\/VB-a-latelier-2.jpg\" alt=\"\" class=\"wp-image-4076\" srcset=\"https:\/\/atelier-bonnier.com\/wp-content\/uploads\/2025\/10\/VB-a-latelier-2.jpg 791w, https:\/\/atelier-bonnier.com\/wp-content\/uploads\/2025\/10\/VB-a-latelier-2-300x223.jpg 300w, https:\/\/atelier-bonnier.com\/wp-content\/uploads\/2025\/10\/VB-a-latelier-2-768x571.jpg 768w\" sizes=\"(max-width: 767px) 89vw, (max-width: 1000px) 54vw, (max-width: 1071px) 543px, 580px\" \/><\/figure>\n\n\n\n<figure class=\"wp-block-image size-full\"><img decoding=\"async\" width=\"576\" height=\"431\" data-id=\"4075\" src=\"http:\/\/atelier-bonnier.com\/wp-content\/uploads\/2025\/10\/VB-a-latelier-1.jpg\" alt=\"\" class=\"wp-image-4075\" srcset=\"https:\/\/atelier-bonnier.com\/wp-content\/uploads\/2025\/10\/VB-a-latelier-1.jpg 576w, https:\/\/atelier-bonnier.com\/wp-content\/uploads\/2025\/10\/VB-a-latelier-1-300x224.jpg 300w\" sizes=\"(max-width: 576px) 100vw, 576px\" \/><\/figure>\n<figcaption class=\"blocks-gallery-caption wp-element-caption\"><br><\/figcaption><\/figure>\n\n\n<div class=\"wp-block-image is-resized\">\n<figure class=\"aligncenter size-full\"><img decoding=\"async\" width=\"200\" height=\"75\" src=\"http:\/\/atelier-bonnier.com\/wp-content\/uploads\/2024\/02\/dc_f1.jpg\" alt=\"\" class=\"wp-image-3621\" style=\"width:306px;height:auto\"\/><figcaption class=\"wp-element-caption\"><a href=\"https:\/\/bonnier.dictionnairedesartistescotes.com\/\">https:\/\/bonnier.dictionnairedesartistescotes.com\/<\/a><\/figcaption><\/figure>\n<\/div>\n\n\n<p class=\"has-medium-font-size\"><strong>Mon parcours<\/strong><\/p>\n\n\n\n<p>N\u00e9e au c\u0153ur de Paris, j&rsquo;ai \u00e9t\u00e9 port\u00e9e d\u00e8s ma plus tendre enfance par le dessin, la musique, la danse, le chant, la litt\u00e9rature, le th\u00e9\u00e2tre et la po\u00e9sie. Apr\u00e8s des \u00e9tudes de langues et une br\u00e8ve carri\u00e8re de journaliste, je fais tr\u00e8s t\u00f4t le choix de m\u2019engager pleinement dans les arts graphiques en me formant aupr\u00e8s de plusieurs peintres renomm\u00e9s \u00e0 Paris, Grenoble et Montauban. Install\u00e9e en Savoie depuis 1992, j&rsquo;ouvre son atelier en 1995 \u00e0 Saint-Baldoph, pr\u00e8s de Chamb\u00e9ry.<\/p>\n\n\n\n<p>Je monte r\u00e9guli\u00e8rement des expositions personnelles et collectives avec un groupe d\u2019artistes que j&rsquo;ai initi\u00e9 en 2019. Je participe \u00e0 des salons d\u2019art contemporain dans la R\u00e9gion Rh\u00f4ne-Alpes et en Suisse, notamment le Salon Regain Art Lyon (2022, 2023, 2024), le MAG \u00e0 Montreux (2024), le Salon de la Cr\u00e9ation \u00e0 Evian (2019, 2021, 2022). Je suis accueillie par des galeries \u00e0 Lyon, Paris, dans la Dr\u00f4me et le Vaucluse.<\/p>\n\n\n\n<p>Invit\u00e9e d\u2019honneur \u00e0 plusieurs salons d\u2019art, j&rsquo;ai re\u00e7u plusieurs prix et m\u00e9dailles depuis 2003, dont une m\u00e9daille d&rsquo;argent en octobre 2024 par l&rsquo;Acad\u00e9mie Arts Sciences Lettres.<\/p>\n\n\n\n<p>Apr\u00e8s une \u00e9valuation par l&rsquo;H\u00f4tel des Ventes de Lausanne, je figure au dictionnaire des artistes c\u00f4t\u00e9s.<\/p>\n\n\n\n<p>Je transmets avec joie et passion mon savoir-faire \u00e0 de nombreux \u00e9l\u00e8ves en cours collectifs. Outre les conseils techniques, je leur transmets l&rsquo;amour de mon art et des grands peintres. Je permets \u00e0 mes \u00e9l\u00e8ves d&rsquo;exposer r\u00e9guli\u00e8rement leur travail d&rsquo;atelier au centre-ville de Chamb\u00e9ry.<\/p>\n\n\n\n<p class=\"has-medium-font-size\"><strong>Ma d\u00e9marche artistique<\/strong><\/p>\n\n\n\n<p>Je puise mon inspiration dans mon v\u00e9cu bien s\u00fbr, mes origines en partie proven\u00e7ales, ainsi que dans la litt\u00e9rature, le th\u00e9\u00e2tre, la musique, chez les philosophes, les po\u00e8tes, et dans les lieux qui me bouleversent. Je suis aussi remu\u00e9e par les paroles fortes de femmes et par les textes qui questionnent l\u2019histoire de l\u2019humanit\u00e9. Je me passionne pour les cultures ancestrales, authentiques, en symbiose avec l\u2019environnement naturel. Depuis pr\u00e8s de dix ans, on retrouve cette qu\u00eate de l\u2019essentiel et du spirituel dans la plupart de mes cr\u00e9ations et de mes expositions personnelles&nbsp;: <em>Le Souffle et la Trace<\/em> (2015), <em>Terre d\u2019Enfance<\/em> (2016), <em>Les Racines et l\u2019Ailleurs<\/em> (2020), <em>Ceci est ma terre<\/em> (2023 et 2025).<\/p>\n\n\n\n<p>Apr\u00e8s une longue pratique de la peinture \u00e0 l\u2019huile et de l\u2019aquarelle, j&rsquo;adopte l\u2019acrylique et l\u2019encre sur collages papier. Je compose ma palette \u00e0 partir de pigments naturels. Depuis toujours, j&rsquo;affectionne les polyptyques et les fresques* pour \u00e9largir le format et donner plus de puissance \u00e0 l\u2019\u0153uvre. Forte de ma ma\u00eetrise technique, je continue inlassablement d\u2019exp\u00e9rimenter de nouvelles mani\u00e8res d\u2019exprimer mon ressenti. A part quelques toiles librement figuratives et all\u00e9goriques \u00e0 l\u2019occasion d\u2019expositions collectives th\u00e9matiques en 2021 et 2022, depuis dix ans je privil\u00e9gie les compositions abstraites, du noir et blanc aux couleurs les plus vives, de la toile au papier. Le graphisme \u00e0 l\u2019encre est toujours pr\u00e9sent, imp\u00e9rieux, sur toile ou sur papier. <\/p>\n\n\n\n<p>J&rsquo;explore, invente, exp\u00e9rimente sans rel\u00e2che. Mes sujets proc\u00e8dent du vivant dans ce qu\u2019il a d\u2019essentiel. Les formes se superposent, se croisent et se chevauchent en masses puissantes o\u00f9 des traces claires, blanches quasi transparentes, fragiles, \u00e9clairent un paysage \u00e9motionnel contrast\u00e9. Pour moi, tout est imbriqu\u00e9 dans la nature, tout s\u2019oppose et se compl\u00e8te, la force et la fragilit\u00e9, la mati\u00e8re et l\u2019esprit, l\u2019apparente stabilit\u00e9 d\u2019un vieux ch\u00eane et le mouvement rapide d\u2019un torrent ou du vent. Ce que nous voyons comme une lutte incessante serait en r\u00e9alit\u00e9 la chor\u00e9graphie vertigineuse du monde. Le visible et l\u2019invisible. Sur papier, seules les lignes existent, se diffusent parfois dans le relief des collages pour r\u00e9v\u00e9ler l\u2019essentiel d\u2019un sujet vibrant et a\u00e9rien.<\/p>\n\n\n\n<p>Privil\u00e9giant l\u2019\u00e9l\u00e9vation du v\u00e9g\u00e9tal ou l\u2019horizon des plaines, les formes traversent l\u2019\u0153uvre en ondulations vivantes, irrigu\u00e9es par un tissage de lignes fines qui s\u2019insinuent avec l\u00e9g\u00e8ret\u00e9 et agilit\u00e9 dans un paysage lumineux.<\/p>\n\n\n\n<p>*<em>Fresque : au sens de l\u2019artiste, la fresque est une s\u00e9rie de toiles con\u00e7ues pour \u00eatre pr\u00e9sent\u00e9es c\u00f4te \u00e0 c\u00f4te, mais possiblement dissociables.<\/em><\/p>\n\n\n\n<p><\/p>\n\n\n\n<p><\/p>\n","protected":false},"excerpt":{"rendered":"<p>Mon parcours, mon travail \u00ab&nbsp;Nous portons deux ou trois chants que notre vie se passe \u00e0 exprimer.&nbsp;\u00bb Marcel Achard Mon parcours N\u00e9e au c\u0153ur de Paris, j&rsquo;ai \u00e9t\u00e9 port\u00e9e d\u00e8s ma plus tendre enfance par le dessin, la musique, la danse, le chant, la litt\u00e9rature, le th\u00e9\u00e2tre et la po\u00e9sie. Apr\u00e8s des \u00e9tudes de langues &hellip; <\/p>\n<p class=\"link-more\"><a href=\"https:\/\/atelier-bonnier.com\/index.php\/mon-parcours\/\" class=\"more-link\">Continuer la lecture<span class=\"screen-reader-text\"> de &laquo;&nbsp;Parcours &#038; d\u00e9marche&nbsp;&raquo;<\/span><\/a><\/p>\n","protected":false},"author":1,"featured_media":0,"parent":0,"menu_order":0,"comment_status":"closed","ping_status":"closed","template":"","meta":{"footnotes":""},"class_list":["post-2272","page","type-page","status-publish","hentry"],"_links":{"self":[{"href":"https:\/\/atelier-bonnier.com\/index.php\/wp-json\/wp\/v2\/pages\/2272","targetHints":{"allow":["GET"]}}],"collection":[{"href":"https:\/\/atelier-bonnier.com\/index.php\/wp-json\/wp\/v2\/pages"}],"about":[{"href":"https:\/\/atelier-bonnier.com\/index.php\/wp-json\/wp\/v2\/types\/page"}],"author":[{"embeddable":true,"href":"https:\/\/atelier-bonnier.com\/index.php\/wp-json\/wp\/v2\/users\/1"}],"replies":[{"embeddable":true,"href":"https:\/\/atelier-bonnier.com\/index.php\/wp-json\/wp\/v2\/comments?post=2272"}],"version-history":[{"count":30,"href":"https:\/\/atelier-bonnier.com\/index.php\/wp-json\/wp\/v2\/pages\/2272\/revisions"}],"predecessor-version":[{"id":4083,"href":"https:\/\/atelier-bonnier.com\/index.php\/wp-json\/wp\/v2\/pages\/2272\/revisions\/4083"}],"wp:attachment":[{"href":"https:\/\/atelier-bonnier.com\/index.php\/wp-json\/wp\/v2\/media?parent=2272"}],"curies":[{"name":"wp","href":"https:\/\/api.w.org\/{rel}","templated":true}]}}